{"id":363,"date":"2022-03-25T11:53:11","date_gmt":"2022-03-25T11:53:11","guid":{"rendered":"https:\/\/friedenkonflikt-nrw.de\/?page_id=363"},"modified":"2022-03-25T11:59:15","modified_gmt":"2022-03-25T11:59:15","slug":"impressum","status":"publish","type":"page","link":"https:\/\/friedenkonflikt-nrw.de\/index.php\/impressum\/","title":{"rendered":"Impressum"},"content":{"rendered":"\n<h2 class=\"wp-block-heading\">Institut f\u00fcr interdisziplin\u00e4re Konflikt- und Gewaltforschung<\/h2>\n\n\n\n<p>Universit\u00e4tstr. 25<br>33615 Bielefeld<br>+49 521 106-3383<\/p>\n\n\n\n<p>Das Institut f\u00fcr interdisziplin\u00e4re Konflikt- und Gewaltforschung ist eine wissenschaftliche Einrichtung an der Universit\u00e4t Bielefeld. Diese ist eine vom Land getragene, rechtsf\u00e4hige K\u00f6rperschaft des \u00d6ffentlichen Rechts. Sie wird durch den Rektor Prof. Dr. Ing. Gerhard Sagerer vertreten.<\/p>\n\n\n\n<h2 class=\"wp-block-heading\">Zust\u00e4ndige Aufsichtsbeh\u00f6rde<\/h2>\n\n\n\n<p>Ministerium f\u00fcr Kultur und Wissenschaft des Landes Nordrhein-Westfalen<br>V\u00f6lklinger Stra\u00dfe 49<br>40221 D\u00fcsseldorf<\/p>\n\n\n\n<p>Umsatzsteuer-Identifikationsnummer<br>gem\u00e4\u00df \u00a7 27 a UStG Umsatzsteuer-Nr.: DE811307718 &#8211; Finanzamt Bielefeld Innenstadt<\/p>\n\n\n\n<h2 class=\"wp-block-heading\">Inhaltlich Verantwortlicher<\/h2>\n\n\n\n<p>Institutsleiter<br>Prof. Dr. Andreas Zick<\/p>\n\n\n\n<h2 class=\"wp-block-heading\">Haftungsausschluss<\/h2>\n\n\n\n<p>Die Inhalte der Seiten wurden mit gr\u00f6\u00dftm\u00f6glicher Sorgfalt erstellt. Dennoch kann keine Gew\u00e4hr f\u00fcr die Aktualit\u00e4t, Richtigkeit, Vollst\u00e4ndigkeit und Qualit\u00e4t der der Inhalte \u00fcbernommen werden.<\/p>\n\n\n\n<p>Die Webseite enth\u00e4lt Verkn\u00fcpfungen zu Webseiten Dritter (externe Links). Diese Webseiten unterliegen ausschlie\u00dflich der Haftung der jeweiligen Betreiber, so dass das Institut f\u00fcr interdisziplin\u00e4re Konflikt- und Gewaltforschung f\u00fcr diese fremden Inhalte keine Gew\u00e4hr \u00fcbernimmt. Das Institut f\u00fcr interdisziplin\u00e4re Konflikt- und Gewaltforschung hat keinen Einfluss auf den Inhalt externer Links. Trotz sorgf\u00e4ltiger inhaltlicher Kontrolle zum Zeitpunkt der Verlinkung \u00fcbernehmen wir keine Haftung f\u00fcr die Inhalte externer Links. Sie stellen kein Angebot des Instituts f\u00fcr interdisziplin\u00e4re Konflikt- und Gewaltforschung dar. Das Institut f\u00fcr interdisziplin\u00e4re Konflikt- und Gewaltforschung distanziert sich ausdr\u00fccklich von den Inhalten und macht sich diese in keinster Weise zu Eigen.<\/p>\n\n\n\n<h2 class=\"wp-block-heading\">Urheberrecht<\/h2>\n\n\n\n<p>Die Urheber- und Nutzungsrechte f\u00fcr Texte, Grafiken, Bilder, Design und Quellcode liegen &#8211; soweit nicht anders angegeben &#8211; beim Institut f\u00fcr interdisziplin\u00e4re Konflikt- und Gewaltforschung. Die Erstellung, Verwendung und Weitergabe von Kopien in elektronischer oder ausgedruckter Form bedarf der Genehmigung. Unber\u00fchrt davon bleibt das \u00bbKopieren\u00ab der Dateien auf dem eigenen Rechner, um sich die Seiten auf einem Browser anzusehen.<\/p>\n\n\n\n<h2 class=\"wp-block-heading\">Bildnachweis<\/h2>\n\n\n\n<p>Die Bildrechte liegen &#8211; soweit nicht anders vermerkt &#8211; beim Institut f\u00fcr interdisziplin\u00e4re Konflikt- und Gewaltforschung.<\/p>\n\n\n\n<p>Das Impressum der Universit\u00e4t Bielefeld finden Sie <a href=\"https:\/\/uni-bielefeld.de\/impressum\/\" target=\"_blank\" rel=\"noreferrer noopener\">hier<\/a>.<\/p>\n","protected":false},"excerpt":{"rendered":"<p>Institut f\u00fcr interdisziplin\u00e4re Konflikt- und Gewaltforschung Universit\u00e4tstr. 2533615 Bielefeld+49 521 106-3383 Das Institut f\u00fcr interdisziplin\u00e4re Konflikt- und Gewaltforschung ist eine wissenschaftliche Einrichtung an der Universit\u00e4t Bielefeld. Diese ist eine vom Land getragene, rechtsf\u00e4hige K\u00f6rperschaft des \u00d6ffentlichen Rechts. Sie wird durch den Rektor Prof. Dr. Ing. Gerhard Sagerer vertreten. Zust\u00e4ndige Aufsichtsbeh\u00f6rde Ministerium f\u00fcr Kultur und Wissenschaft [&hellip;]<\/p>\n","protected":false},"author":1,"featured_media":0,"parent":0,"menu_order":0,"comment_status":"closed","ping_status":"closed","template":"","meta":{"inline_featured_image":false,"_themeisle_gutenberg_block_has_review":false,"footnotes":""},"class_list":["post-363","page","type-page","status-publish","hentry"],"_links":{"self":[{"href":"https:\/\/friedenkonflikt-nrw.de\/index.php\/wp-json\/wp\/v2\/pages\/363"}],"collection":[{"href":"https:\/\/friedenkonflikt-nrw.de\/index.php\/wp-json\/wp\/v2\/pages"}],"about":[{"href":"https:\/\/friedenkonflikt-nrw.de\/index.php\/wp-json\/wp\/v2\/types\/page"}],"author":[{"embeddable":true,"href":"https:\/\/friedenkonflikt-nrw.de\/index.php\/wp-json\/wp\/v2\/users\/1"}],"replies":[{"embeddable":true,"href":"https:\/\/friedenkonflikt-nrw.de\/index.php\/wp-json\/wp\/v2\/comments?post=363"}],"version-history":[{"count":2,"href":"https:\/\/friedenkonflikt-nrw.de\/index.php\/wp-json\/wp\/v2\/pages\/363\/revisions"}],"predecessor-version":[{"id":371,"href":"https:\/\/friedenkonflikt-nrw.de\/index.php\/wp-json\/wp\/v2\/pages\/363\/revisions\/371"}],"wp:attachment":[{"href":"https:\/\/friedenkonflikt-nrw.de\/index.php\/wp-json\/wp\/v2\/media?parent=363"}],"curies":[{"name":"wp","href":"https:\/\/api.w.org\/{rel}","templated":true}]}}