{"id":525,"date":"2022-05-11T10:34:33","date_gmt":"2022-05-11T10:34:33","guid":{"rendered":"https:\/\/friedenkonflikt-nrw.de\/?page_id=525"},"modified":"2025-09-02T10:16:20","modified_gmt":"2025-09-02T10:16:20","slug":"525-2","status":"publish","type":"page","link":"https:\/\/friedenkonflikt-nrw.de\/","title":{"rendered":"Startseite"},"content":{"rendered":"\n<div class=\"wp-block-cover alignfull\" style=\"min-height:400px;aspect-ratio:unset;\"><span aria-hidden=\"true\" class=\"wp-block-cover__background has-nv-light-bg-background-color has-background-dim-100 has-background-dim\"><\/span><div class=\"wp-block-cover__inner-container is-layout-flow wp-block-cover-is-layout-flow\"><p>[metaslider id=&#8220;509&#8243;]<\/p>\n<\/div><\/div>\n\n\n\n<div style=\"height:4px\" aria-hidden=\"true\" class=\"wp-block-spacer\"><\/div>\n\n\n\n<div class=\"wp-block-cover alignfull is-light\" style=\"min-height:400px;aspect-ratio:unset;\"><span aria-hidden=\"true\" class=\"wp-block-cover__background has-background-dim-100 has-background-dim\" style=\"background-color:#4299b6\"><\/span><div class=\"wp-block-cover__inner-container is-layout-flow wp-block-cover-is-layout-flow\">\n<div style=\"height:100px\" aria-hidden=\"true\" class=\"wp-block-spacer\"><\/div>\n\n\n\n<h2 class=\"wp-block-heading has-text-align-center has-nv-text-dark-bg-color has-text-color\">Aktuelles<\/h2>\n\n\n\n<div style=\"height:50px\" aria-hidden=\"true\" class=\"wp-block-spacer\"><\/div>\n\n\n\n<div class=\"wp-block-columns alignwide is-layout-flex wp-container-core-columns-is-layout-1 wp-block-columns-is-layout-flex\">\n<div class=\"wp-block-column has-nv-site-bg-background-color has-text-color has-background has-link-color wp-elements-e8e00e557e588418c787d1275bf9b416 is-layout-flow wp-block-column-is-layout-flow\" style=\"color:#000000;padding-top:2em;padding-right:2em;padding-bottom:2em;padding-left:2em;flex-basis:50%\">\n<p class=\"has-text-color has-normal-font-size\" style=\"color:#999999\">Netzwerk Friedens- und Konfliktforschung NRW:<br>J\u00e4hrliches Austauschtreffen und Fachtagung<\/p>\n\n\n\n<p class=\"has-text-color has-normal-font-size\" style=\"color:#999999\">09.09.2025, 13:00 &#8211; 18:15 Uhr,<br>Institut f\u00fcr Friedenssicherungsrecht und Humanit\u00e4res V\u00f6lkerrecht (IFHV), Ruhr-Universit\u00e4t Bochum (City Campus), Massenbergstra\u00dfe 11, 44787 Bochum<\/p>\n\n\n\n<p class=\"has-text-align-left\">Am 09. September 2025 l\u00e4dt das Netzwerk Friedens- und Konfliktforschung NRW herzlich zur Tagung am IFHV in Bochum ein.<\/p>\n\n\n\n<p class=\"has-text-align-left\">Bei dieser Tagung werden unter dem Thema <strong>Aktuelle Fragen der Friedens- und Konfliktforschung<\/strong> neben den bewaffneten Konflikten in der Ukraine, in Gaza und im Iran sowie den dazu bekannten Fragestellungen zur Rolle des V\u00f6lkerrechts und der Vereinten Nationen in Bezug auf diese Konflikte auch eine Reihe besonderer Fragen z.B. im Hinblick auf besondere Waffentechnologien, den Zugang zu humanit\u00e4rer Hilfe, Zwangsmigration und den Zusammenhang mit dem fortschreitenden Klimawandel gestellt.<\/p>\n\n\n\n<p class=\"has-text-align-left\">Die Jahreskonferenz ist eine Gelegenheit f\u00fcr Friedens- und Konfliktforscher*innen in NRW, sich zu vernetzen und \u00fcber aktuelle Forschungsbefunde und &#8211; herausforderungen zu sprechen. Dazu sind alle \u2013 auch und insbesondere die n\u00e4chste Generation der Forschenden &#8211; herzlich eingeladen.<\/p>\n\n\n\n<p>Fragen und Anmeldung unter: <a href=\"ifhv@rub.de\">ifhv@rub.de<\/a><\/p>\n\n\n\n<p>PDF-Flyer zur Tagung mit s\u00e4mtlichen Informationen: <\/p>\n\n\n\n<div class=\"wp-block-file\"><a href=\"blob:https:\/\/friedenkonflikt-nrw.de\/78528043-ba15-4a56-abe0-3d7ad6c562a1\">NetzwerkNRWFuK2025AnnualConference.pdf<\/a><a href=\"blob:https:\/\/friedenkonflikt-nrw.de\/78528043-ba15-4a56-abe0-3d7ad6c562a1\" class=\"wp-block-file__button wp-element-button\" download>Herunterladen<\/a><\/div>\n<\/div>\n\n\n\n<div class=\"wp-block-column has-nv-site-bg-background-color has-text-color has-background has-link-color wp-elements-6db447d66d032eb8d8e0911798ec26b7 is-layout-flow wp-block-column-is-layout-flow\" style=\"color:#000000;padding-top:2em;padding-right:2em;padding-bottom:2em;padding-left:2em;flex-basis:50%\">\n<p class=\"has-text-color has-normal-font-size\" style=\"color:#999999;line-height:1.5\"><strong>Vernetzungstreffen 2024 \u201eGesellschaftliche Kontroversen im Zeichen multipler Krisen: Welchen Beitrag leistet die Friedens- und Konfliktforschung NRW?\u201c<\/strong><\/p>\n\n\n\n<p>Am 26. Juni 2024 fand das Netzwerktreffen der NRW Friedens- und Konfliktforschung von 10:30 bis 16:30 Uhr im Blue Square Bochum statt. Ausgerichtet wurde das Treffen diesmal vom Institut f\u00fcr Friedenssicherungs- und humanit\u00e4res V\u00f6lkerrecht (IFHV) der Uni Bochum. Auf der Agenda standen drei Kurzvortr\u00e4ge zu den Themen \u201eKlimawandel als Herausforderung f\u00fcr das Friedenssicherungsrecht\u201c (Prof. Dr. Pierre Thielb\u00f6rger, IFHV),<strong> <\/strong>\u201ePastorale Konflikte und Naturschutz in Kenia\u201c (Prof. Dr. Conrad Schetter, bicc) und \u201ePolitische Gewalt und Terrorismus vor Gericht\u201c (Dr. Kerstin Eppert, IKG). Des Weiteren erstattete der Sprecher:innenkreis Bericht zu seinen T\u00e4tigkeiten im vergangenen Jahr. Im gemeinsamen Gespr\u00e4ch wurden Erwartungen aus dem Netzwerk und Ziele f\u00fcr 2024\/25 ausgelotet und \u00fcber die Besetzung des Sprecher:innenkreises abgestimmt.<\/p>\n<\/div>\n<\/div>\n\n\n\n<div style=\"height:100px\" aria-hidden=\"true\" class=\"wp-block-spacer\"><\/div>\n<\/div><\/div>\n\n\n\n<div style=\"height:100px\" aria-hidden=\"true\" class=\"wp-block-spacer\"><\/div>\n\n\n\n<div class=\"wp-block-columns alignwide is-layout-flex wp-container-core-columns-is-layout-2 wp-block-columns-is-layout-flex\">\n<div class=\"wp-block-column has-text-color has-background has-link-color wp-elements-d6fa21004c2a25be6e0096033066e7f0 is-layout-flow wp-block-column-is-layout-flow\" style=\"color:#000000;background-color:#f8f8f8;padding-top:2em;padding-right:2em;padding-bottom:2em;padding-left:2em\">\n<h2 class=\"wp-block-heading has-text-color\" style=\"color:#202020;font-size:40px\">Wer wir sind<\/h2>\n\n\n\n<hr class=\"wp-block-separator has-text-color has-css-opacity has-background is-style-default\" style=\"background-color:#a7a7a7;color:#a7a7a7\"\/>\n\n\n\n<p class=\"has-text-color\" style=\"color:#202020\">Die Vernetzungsinitiative Friedens- und Konfliktforschung NRW hat sich im Januar 2020 im Nachgang zur Evaluation der bundesdeutschen Friedens- und Konfliktforschung durch den Wissenschaftsrat in 2019 gegr\u00fcndet. Sie ist ein informelles Netzwerk von universit\u00e4ren und au\u00dferuniversit\u00e4ren Friedens- und Konfliktforschungsinstituten und -professuren, das f\u00fcr alle Forschenden NRWs offen ist, die sich als Teil des Feldes verstehen, bzw. in Projekte der Friedens- und Konfliktforschung eingebunden sind.<\/p>\n\n\n\n<p>Aus dem Netzwerk wird ein Sprecher:innenrat bestimmt, der aktuell wie folgt besetzt ist: Dr. Ana de la Varga (VesPoTec, RWTH Aachen), Dr. Kerstin Eppert (IKG, Uni Bielefeld), Prof. Dr. Pierre Thielb\u00f6rger (IFHV, Uni Bochum), Prof. Dr. Conrad Schetter (bicc, Bonn), PD Dr. J\u00fcrgen Altmann (TU Dortmund), Prof. Dr. Tobias Debiel (INEF, Uni Duisburg-Essen).<\/p>\n<\/div>\n\n\n\n<div class=\"wp-block-column has-text-color has-background has-link-color wp-elements-417a47c56e6cf10c2be1d0cc54094405 is-layout-flow wp-block-column-is-layout-flow\" style=\"color:#000000;background-color:#f8f8f8;padding-top:2em;padding-right:2em;padding-bottom:2em;padding-left:2em\">\n<h2 class=\"wp-block-heading has-text-color\" style=\"color:#404040;font-size:40px\">Was wir machen<\/h2>\n\n\n\n<hr class=\"wp-block-separator has-text-color has-css-opacity has-background is-style-default\" style=\"background-color:#a7a7a7;color:#a7a7a7\"\/>\n\n\n\n<p class=\"has-text-color\" style=\"color:#404040\">Die Vernetzungsinitiative hat zum Ziel, die Empfehlungen des Wissenschaftsrats zur Weiterentwicklung der Friedens- und Konfliktforschung auf Landes- und Bundesebene voranzubringen. Hierzu geh\u00f6ren unter anderem die St\u00e4rkung der Profilbildung auf Landesebene sowie der Ausbau von Kooperation und die Schaffung von Synergien auf Landes- und Bundesebene. Mit ihrer Stellungnahme vom 11.03.2020 hat die Landesrektorenkonferenz NRW sich unterst\u00fctzend positioniert. In j\u00e4hrlichen Treffen und \u00fcber die Arbeit des Sprecher:innenkreises hat die Vernetzungsinitiative seither dazu beigetragen, wissenschaftliche Expertise aus der Friedens- und Konfliktforschung in NRW in den \u00f6ffentlichen und politischen Raum zu tragen [Link zum Archiv &amp; Veranstaltungen] sowie f\u00fcr die Umsetzung der im Koalitionsvertrag ausgewiesenen Strukturen und Mittel einzutreten.<\/p>\n<\/div>\n<\/div>\n\n\n\n<div style=\"height:100px\" aria-hidden=\"true\" class=\"wp-block-spacer\"><\/div>\n","protected":false},"excerpt":{"rendered":"<p>Wer wir sind Die Vernetzungsinitiative Friedens- und Konfliktforschung NRW hat sich im Januar 2020 im Nachgang zur Evaluation der bundesdeutschen Friedens- und Konfliktforschung durch den Wissenschaftsrat in 2019 gegr\u00fcndet. Sie ist ein informelles Netzwerk von universit\u00e4ren und au\u00dferuniversit\u00e4ren Friedens- und Konfliktforschungsinstituten und -professuren, das f\u00fcr alle Forschenden NRWs offen ist, die sich als Teil des [&hellip;]<\/p>\n","protected":false},"author":1,"featured_media":0,"parent":0,"menu_order":0,"comment_status":"closed","ping_status":"closed","template":"","meta":{"inline_featured_image":false,"_themeisle_gutenberg_block_has_review":false,"footnotes":""},"class_list":["post-525","page","type-page","status-publish","hentry"],"_links":{"self":[{"href":"https:\/\/friedenkonflikt-nrw.de\/index.php\/wp-json\/wp\/v2\/pages\/525"}],"collection":[{"href":"https:\/\/friedenkonflikt-nrw.de\/index.php\/wp-json\/wp\/v2\/pages"}],"about":[{"href":"https:\/\/friedenkonflikt-nrw.de\/index.php\/wp-json\/wp\/v2\/types\/page"}],"author":[{"embeddable":true,"href":"https:\/\/friedenkonflikt-nrw.de\/index.php\/wp-json\/wp\/v2\/users\/1"}],"replies":[{"embeddable":true,"href":"https:\/\/friedenkonflikt-nrw.de\/index.php\/wp-json\/wp\/v2\/comments?post=525"}],"version-history":[{"count":76,"href":"https:\/\/friedenkonflikt-nrw.de\/index.php\/wp-json\/wp\/v2\/pages\/525\/revisions"}],"predecessor-version":[{"id":1083,"href":"https:\/\/friedenkonflikt-nrw.de\/index.php\/wp-json\/wp\/v2\/pages\/525\/revisions\/1083"}],"wp:attachment":[{"href":"https:\/\/friedenkonflikt-nrw.de\/index.php\/wp-json\/wp\/v2\/media?parent=525"}],"curies":[{"name":"wp","href":"https:\/\/api.w.org\/{rel}","templated":true}]}}