{"id":864,"date":"2025-02-11T22:30:46","date_gmt":"2025-02-11T22:30:46","guid":{"rendered":"https:\/\/friedenkonflikt-nrw.de\/?page_id=864"},"modified":"2025-02-11T22:30:46","modified_gmt":"2025-02-11T22:30:46","slug":"archiv","status":"publish","type":"page","link":"https:\/\/friedenkonflikt-nrw.de\/index.php\/archiv\/","title":{"rendered":"Archiv"},"content":{"rendered":"\n<div class=\"wp-block-group alignfull has-raft-bg-background-color has-background is-layout-constrained wp-container-core-group-is-layout-11 wp-block-group-is-layout-constrained\" style=\"margin-top:0;margin-bottom:0;padding-top:var(--wp--preset--spacing--80);padding-right:var(--wp--preset--spacing--40);padding-bottom:var(--wp--preset--spacing--80);padding-left:var(--wp--preset--spacing--40)\">\n<div class=\"wp-block-query is-layout-constrained wp-block-query-is-layout-constrained\"><ul class=\"wp-block-post-template is-layout-flow wp-block-post-template-is-layout-flow\"><li class=\"wp-block-post post-1075 post type-post status-publish format-standard hentry category-uncategorized\">\n\n<div class=\"wp-block-group is-layout-constrained wp-container-core-group-is-layout-3 wp-block-group-is-layout-constrained\" style=\"margin-bottom:var(--wp--preset--spacing--60)\">\n<div class=\"wp-block-group has-raft-bg-alt-background-color has-background is-layout-constrained wp-container-core-group-is-layout-2 wp-block-group-is-layout-constrained\" style=\"padding-top:var(--wp--preset--spacing--60);padding-right:var(--wp--preset--spacing--60);padding-bottom:var(--wp--preset--spacing--60);padding-left:var(--wp--preset--spacing--60)\">\n<div class=\"wp-block-group is-content-justification-space-between is-nowrap is-layout-flex wp-container-core-group-is-layout-1 wp-block-group-is-layout-flex\"><div class=\"has-text-align-center wp-block-post-date has-small-font-size\"><time datetime=\"2025-09-02T11:37:42+00:00\">2. September 2025<\/time><\/div><\/div>\n\n\n<h2 class=\"has-text-align-left wp-block-post-title has-x-large-font-size\"><a href=\"https:\/\/friedenkonflikt-nrw.de\/index.php\/2025\/09\/02\/netzwerk-friedens-und-konfliktforschung-nrwjaehrliches-austauschtreffen-und-fachtagung\/\" target=\"_self\" >Netzwerk Friedens- und Konfliktforschung NRW:J\u00e4hrliches Austauschtreffen und Fachtagung am 09.09.2025 am IFHV<\/a><\/h2>\n\n<div class=\"has-link-color wp-elements-b77fd675b3456074fbc552a6dce4b008 wp-block-post-excerpt\"><p class=\"wp-block-post-excerpt__excerpt\">Am 09. September 2025 l\u00e4dt das Netzwerk Friedens- und Konfliktforschung NRW herzlich zur Tagung am IFHV in Bochum ein. Bei dieser Tagung werden unter dem Thema Aktuelle Fragen der Friedens- und Konfliktforschung neben den bewaffneten Konflikten in der Ukraine, in Gaza und im Iran sowie den dazu bekannten Fragestellungen zur Rolle des V\u00f6lkerrechts und der&hellip; <a class=\"wp-block-post-excerpt__more-link\" href=\"https:\/\/friedenkonflikt-nrw.de\/index.php\/2025\/09\/02\/netzwerk-friedens-und-konfliktforschung-nrwjaehrliches-austauschtreffen-und-fachtagung\/\">Weiterlesen<\/a><\/p><\/div><\/div>\n<\/div>\n\n<\/li><li class=\"wp-block-post post-859 post type-post status-publish format-standard hentry category-uncategorized\">\n\n<div class=\"wp-block-group is-layout-constrained wp-container-core-group-is-layout-6 wp-block-group-is-layout-constrained\" style=\"margin-bottom:var(--wp--preset--spacing--60)\">\n<div class=\"wp-block-group has-raft-bg-alt-background-color has-background is-layout-constrained wp-container-core-group-is-layout-5 wp-block-group-is-layout-constrained\" style=\"padding-top:var(--wp--preset--spacing--60);padding-right:var(--wp--preset--spacing--60);padding-bottom:var(--wp--preset--spacing--60);padding-left:var(--wp--preset--spacing--60)\">\n<div class=\"wp-block-group is-content-justification-space-between is-nowrap is-layout-flex wp-container-core-group-is-layout-4 wp-block-group-is-layout-flex\"><div class=\"has-text-align-center wp-block-post-date has-small-font-size\"><time datetime=\"2024-12-18T22:16:27+00:00\">18. Dezember 2024<\/time><\/div><\/div>\n\n\n<h2 class=\"has-text-align-left wp-block-post-title has-x-large-font-size\"><a href=\"https:\/\/friedenkonflikt-nrw.de\/index.php\/2024\/12\/18\/parlamentarisches-fruehstueck-nrw-landtag-2024\/\" target=\"_self\" >Parlamentarisches Fr\u00fchst\u00fcck NRW-Landtag 2024<\/a><\/h2>\n\n<div class=\"has-link-color wp-elements-b77fd675b3456074fbc552a6dce4b008 wp-block-post-excerpt\"><p class=\"wp-block-post-excerpt__excerpt\">Am 18. Dezember 2024 fand ein parlamentarisches Fr\u00fchst\u00fcck im NRW-Landtag statt, auf dem die Bedeutung der Einrichtung von vier Professuren f\u00fcr die Friedens- und Konfliktforschung in NRW unterstrichen wurde und entsprechende Ideen diskutiert wurden. Initiiert hatten das Parlamentarische Fr\u00fchst\u00fcck die folgenden Institute: bicc (Bonn), IFHV (Bochum), IKG (Bielefeld) und INEF (Duisburg-Essen). <a class=\"wp-block-post-excerpt__more-link\" href=\"https:\/\/friedenkonflikt-nrw.de\/index.php\/2024\/12\/18\/parlamentarisches-fruehstueck-nrw-landtag-2024\/\">Weiterlesen<\/a><\/p><\/div><\/div>\n<\/div>\n\n<\/li><li class=\"wp-block-post post-857 post type-post status-publish format-standard hentry category-uncategorized\">\n\n<div class=\"wp-block-group is-layout-constrained wp-container-core-group-is-layout-9 wp-block-group-is-layout-constrained\" style=\"margin-bottom:var(--wp--preset--spacing--60)\">\n<div class=\"wp-block-group has-raft-bg-alt-background-color has-background is-layout-constrained wp-container-core-group-is-layout-8 wp-block-group-is-layout-constrained\" style=\"padding-top:var(--wp--preset--spacing--60);padding-right:var(--wp--preset--spacing--60);padding-bottom:var(--wp--preset--spacing--60);padding-left:var(--wp--preset--spacing--60)\">\n<div class=\"wp-block-group is-content-justification-space-between is-nowrap is-layout-flex wp-container-core-group-is-layout-7 wp-block-group-is-layout-flex\"><div class=\"has-text-align-center wp-block-post-date has-small-font-size\"><time datetime=\"2024-06-26T22:16:08+00:00\">26. Juni 2024<\/time><\/div><\/div>\n\n\n<h2 class=\"has-text-align-left wp-block-post-title has-x-large-font-size\"><a href=\"https:\/\/friedenkonflikt-nrw.de\/index.php\/2024\/06\/26\/vernetzungstreffen-2024-gesellschaftliche-kontroversen-im-zeichen-multipler-krisen-welchen-beitrag-leistet-die-friedens-und-konfliktforschung-nrw\/\" target=\"_self\" >Vernetzungstreffen 2024 \u201eGesellschaftliche Kontroversen im Zeichen multipler Krisen: Welchen Beitrag leistet die Friedens- und Konfliktforschung NRW?\u201c<\/a><\/h2>\n\n<div class=\"has-link-color wp-elements-b77fd675b3456074fbc552a6dce4b008 wp-block-post-excerpt\"><p class=\"wp-block-post-excerpt__excerpt\">Am 26. Juni 2024 fand das Netzwerktreffen der NRW Friedens- und Konfliktforschung von 10:30 bis 16:30 Uhr im Blue Square Bochum statt. Ausgerichtet wurde das Treffen diesmal vom Institut f\u00fcr Friedenssicherungs- und humanit\u00e4res V\u00f6lkerrecht (IFHV) der Uni Bochum. Auf der Agenda standen drei Kurzvortr\u00e4ge zu den Themen \u201eKlimawandel als Herausforderung f\u00fcr das Friedenssicherungsrecht\u201c (Prof. Dr.&hellip; <a class=\"wp-block-post-excerpt__more-link\" href=\"https:\/\/friedenkonflikt-nrw.de\/index.php\/2024\/06\/26\/vernetzungstreffen-2024-gesellschaftliche-kontroversen-im-zeichen-multipler-krisen-welchen-beitrag-leistet-die-friedens-und-konfliktforschung-nrw\/\">Weiterlesen<\/a><\/p><\/div><\/div>\n<\/div>\n\n<\/li><\/ul>\n\n\n<div class=\"wp-block-group is-layout-flow wp-block-group-is-layout-flow\" style=\"margin-top:var(--wp--preset--spacing--60);margin-bottom:var(--wp--preset--spacing--60)\"><nav class=\"wp-block-query-pagination has-text-color has-raft-fg-color is-content-justification-space-between is-layout-flex wp-container-core-query-pagination-is-layout-1 wp-block-query-pagination-is-layout-flex\" aria-label=\"Seitennummerierung\">\n\n\n<div class=\"wp-block-query-pagination-numbers\"><span aria-current=\"page\" class=\"page-numbers current\">1<\/span>\n<a class=\"page-numbers\" href=\"?query-4-page=2\">2<\/a>\n<a class=\"page-numbers\" href=\"?query-4-page=3\">3<\/a><\/div>\n\n<a href=\"\/index.php\/wp-json\/wp\/v2\/pages\/864?query-4-page=2\" class=\"wp-block-query-pagination-next\">N\u00e4chste Seite<\/a>\n<\/nav><\/div>\n\n\n<\/div>\n<\/div>\n","protected":false},"excerpt":{"rendered":"","protected":false},"author":1,"featured_media":0,"parent":0,"menu_order":0,"comment_status":"closed","ping_status":"closed","template":"","meta":{"inline_featured_image":false,"_themeisle_gutenberg_block_has_review":false,"footnotes":""},"class_list":["post-864","page","type-page","status-publish","hentry"],"_links":{"self":[{"href":"https:\/\/friedenkonflikt-nrw.de\/index.php\/wp-json\/wp\/v2\/pages\/864"}],"collection":[{"href":"https:\/\/friedenkonflikt-nrw.de\/index.php\/wp-json\/wp\/v2\/pages"}],"about":[{"href":"https:\/\/friedenkonflikt-nrw.de\/index.php\/wp-json\/wp\/v2\/types\/page"}],"author":[{"embeddable":true,"href":"https:\/\/friedenkonflikt-nrw.de\/index.php\/wp-json\/wp\/v2\/users\/1"}],"replies":[{"embeddable":true,"href":"https:\/\/friedenkonflikt-nrw.de\/index.php\/wp-json\/wp\/v2\/comments?post=864"}],"version-history":[{"count":1,"href":"https:\/\/friedenkonflikt-nrw.de\/index.php\/wp-json\/wp\/v2\/pages\/864\/revisions"}],"predecessor-version":[{"id":865,"href":"https:\/\/friedenkonflikt-nrw.de\/index.php\/wp-json\/wp\/v2\/pages\/864\/revisions\/865"}],"wp:attachment":[{"href":"https:\/\/friedenkonflikt-nrw.de\/index.php\/wp-json\/wp\/v2\/media?parent=864"}],"curies":[{"name":"wp","href":"https:\/\/api.w.org\/{rel}","templated":true}]}}